{"id":248,"date":"2017-01-26T17:49:51","date_gmt":"2017-01-26T16:49:51","guid":{"rendered":"http:\/\/www.rockandsnow.sk\/en\/?page_id=248"},"modified":"2023-07-30T17:39:16","modified_gmt":"2023-07-30T15:39:16","slug":"peaks-of-high-tatras","status":"publish","type":"page","link":"https:\/\/www.rockandsnow.sk\/en\/peaks-of-high-tatras\/","title":{"rendered":"Peaks of High Tatras"},"content":{"rendered":"<p>[vc_row el_class=&#8221;wrap&#8221;][vc_column width=&#8221;7\/12&#8243;][vc_column_text el_class=&#8221;popis&#8221;]Ascend one of the peaks of High Tatras and let our mountain guides lead your way. You just have to choose one and our guides will help you conquer it while finding the most optimal route.<\/p>\n<p>The most popular peaks: Gerlachovsk\u00fd, Lomnick\u00fd, \u013dadov\u00fd[\/vc_column_text][\/vc_column][vc_column width=&#8221;5\/12&#8243;][vc_column_text]<\/p>\n\n\t\t<style type=\"text\/css\">\n\t\t\t#gallery-1 {\n\t\t\t\tmargin: auto;\n\t\t\t}\n\t\t\t#gallery-1 .gallery-item {\n\t\t\t\tfloat: left;\n\t\t\t\tmargin-top: 10px;\n\t\t\t\ttext-align: center;\n\t\t\t\twidth: 50%;\n\t\t\t}\n\t\t\t#gallery-1 img {\n\t\t\t\tborder: 2px solid #cfcfcf;\n\t\t\t}\n\t\t\t#gallery-1 .gallery-caption {\n\t\t\t\tmargin-left: 0;\n\t\t\t}\n\t\t\t\/* see gallery_shortcode() in wp-includes\/media.php *\/\n\t\t<\/style>\n\t\t<div id='gallery-1' class='gallery galleryid-248 gallery-columns-2 gallery-size-galery'><dl class='gallery-item'>\n\t\t\t<dt class='gallery-icon landscape'>\n\t\t\t\t<a href='https:\/\/www.rockandsnow.sk\/wp-content\/uploads\/2016\/12\/rockandsnow-stity_01.jpg' title=\"\" data-rl_title=\"\" class=\"rl-gallery-link\" data-rl_caption=\"\" data-rel=\"lightbox-gallery-1\"><img width=\"400\" height=\"250\" src=\"https:\/\/www.rockandsnow.sk\/wp-content\/uploads\/2016\/12\/rockandsnow-stity_01-400x250.jpg\" class=\"attachment-galery size-galery\" alt=\"\" loading=\"lazy\" \/><\/a>\n\t\t\t<\/dt><\/dl><dl class='gallery-item'>\n\t\t\t<dt class='gallery-icon portrait'>\n\t\t\t\t<a href='https:\/\/www.rockandsnow.sk\/wp-content\/uploads\/2016\/12\/rockandsnow-stity_02.jpg' title=\"\" data-rl_title=\"\" class=\"rl-gallery-link\" data-rl_caption=\"\" data-rel=\"lightbox-gallery-1\"><img width=\"400\" height=\"250\" src=\"https:\/\/www.rockandsnow.sk\/wp-content\/uploads\/2016\/12\/rockandsnow-stity_02-400x250.jpg\" class=\"attachment-galery size-galery\" alt=\"\" loading=\"lazy\" \/><\/a>\n\t\t\t<\/dt><\/dl><br style=\"clear: both\" \/><dl class='gallery-item'>\n\t\t\t<dt class='gallery-icon portrait'>\n\t\t\t\t<a href='https:\/\/www.rockandsnow.sk\/wp-content\/uploads\/2016\/12\/rockandsnow-stity_03.jpg' title=\"\" data-rl_title=\"\" class=\"rl-gallery-link\" data-rl_caption=\"\" data-rel=\"lightbox-gallery-1\"><img width=\"400\" height=\"250\" src=\"https:\/\/www.rockandsnow.sk\/wp-content\/uploads\/2016\/12\/rockandsnow-stity_03-400x250.jpg\" class=\"attachment-galery size-galery\" alt=\"\" loading=\"lazy\" \/><\/a>\n\t\t\t<\/dt><\/dl><dl class='gallery-item'>\n\t\t\t<dt class='gallery-icon portrait'>\n\t\t\t\t<a href='https:\/\/www.rockandsnow.sk\/wp-content\/uploads\/2016\/12\/rockandsnow-stity_04.jpg' title=\"\" data-rl_title=\"\" class=\"rl-gallery-link\" data-rl_caption=\"\" data-rel=\"lightbox-gallery-1\"><img width=\"400\" height=\"250\" src=\"https:\/\/www.rockandsnow.sk\/wp-content\/uploads\/2016\/12\/rockandsnow-stity_04-400x250.jpg\" class=\"attachment-galery size-galery\" alt=\"\" loading=\"lazy\" \/><\/a>\n\t\t\t<\/dt><\/dl><br style=\"clear: both\" \/>\n\t\t<\/div>\n\n<p>[\/vc_column_text][\/vc_column][\/vc_row][vc_row el_class=&#8221;wrap&#8221;][vc_column][vc_column_text el_class=&#8221;cennik cennik-pc&#8221;]<\/p>\n<table>\n<tbody>\n<tr>\n<td colspan=\"4\">\n<h2>Pricelist<\/h2>\n<\/td>\n<\/tr>\n<tr>\n<td>group<\/td>\n<td>1\u00a0person<\/td>\n<td>2 persons<\/td>\n<td>3 persons<\/td>\n<\/tr>\n<tr>\n<td>EUR\u00a0\/\u00a0person<\/td>\n<td>360,00 \u20ac<\/td>\n<td>200,00 \u20ac<\/td>\n<td>153,33 \u20ac<\/td>\n<\/tr>\n<tr>\n<td>EUR \/ group<\/td>\n<td>360,00 \u20ac<\/td>\n<td>400,00 \u20ac<\/td>\n<td>460,00 \u20ac<\/td>\n<\/tr>\n<\/tbody>\n<\/table>\n<p>[\/vc_column_text][vc_column_text el_class=&#8221;cennik cennik-mobile&#8221;]<\/p>\n<table>\n<tbody>\n<tr>\n<td colspan=\"3\">\n<h2>Pricelist<\/h2>\n<\/td>\n<\/tr>\n<tr>\n<td>group<\/td>\n<td>euro \/\u00a0person<\/td>\n<td>euro \/\u00a0group<\/td>\n<\/tr>\n<tr>\n<td>1 person<\/td>\n<td>360,00 \u20ac<\/td>\n<td>360,00 \u20ac<\/td>\n<\/tr>\n<tr>\n<td>2 persons<\/td>\n<td>200,00 \u20ac<\/td>\n<td>400,00 \u20ac<\/td>\n<\/tr>\n<tr>\n<td>3 persons<\/td>\n<td>153,33 \u20ac<\/td>\n<td>460,00 \u20ac<\/td>\n<\/tr>\n<\/tbody>\n<\/table>\n<p>[\/vc_column_text][\/vc_column][\/vc_row][vc_row el_class=&#8221;wrap detaily&#8221;][vc_column width=&#8221;1\/2&#8243;][vc_column_text]<\/p>\n<h2>Basic avalanche equipment<\/h2>\n<ul>\n<li>avalanche beacon<\/li>\n<li>avalanche probe<\/li>\n<li>shovel<\/li>\n<li>backpack<\/li>\n<\/ul>\n<p><strong>Rental:<\/strong>\u00a015 EUR \/ day \/ person[\/vc_column_text][\/vc_column][vc_column width=&#8221;1\/2&#8243;][\/vc_column][\/vc_row][vc_row el_class=&#8221;wrap&#8221;][vc_column][\/vc_column][\/vc_row]<\/p>\n","protected":false},"excerpt":{"rendered":"<p>[vc_row el_class=&#8221;wrap&#8221;][vc_column width=&#8221;7\/12&#8243;][vc_column_text el_class=&#8221;popis&#8221;]Ascend one of the peaks of High Tatras and let our mountain guides lead your way. You just have to choose one and our guides will help you conquer it while finding the most optimal route. The most popular peaks: Gerlachovsk\u00fd, Lomnick\u00fd, \u013dadov\u00fd[\/vc_column_text][\/vc_column][vc_column width=&#8221;5\/12&#8243;][vc_column_text] [\/vc_column_text][\/vc_column][\/vc_row][vc_row el_class=&#8221;wrap&#8221;][vc_column][vc_column_text el_class=&#8221;cennik cennik-pc&#8221;] Pricelist group 1\u00a0person 2 [&hellip;]<\/p>\n","protected":false},"author":1,"featured_media":0,"parent":0,"menu_order":0,"comment_status":"closed","ping_status":"closed","template":"","meta":[],"yoast_head":"<!-- This site is optimized with the Yoast SEO plugin v18.2 - https:\/\/yoast.com\/wordpress\/plugins\/seo\/ -->\n<meta name=\"robots\" content=\"index, follow, max-snippet:-1, max-image-preview:large, max-video-preview:-1\" \/>\n<link rel=\"canonical\" href=\"https:\/\/www.rockandsnow.sk\/en\/peaks-of-high-tatras\/\" \/>\n<meta property=\"og:locale\" content=\"en_US\" \/>\n<meta property=\"og:type\" content=\"article\" \/>\n<meta property=\"og:title\" content=\"Peaks of High Tatras - Rock &amp; Snow\" \/>\n<meta property=\"og:description\" content=\"[vc_row el_class=&#8221;wrap&#8221;][vc_column width=&#8221;7\/12&#8243;][vc_column_text el_class=&#8221;popis&#8221;]Ascend one of the peaks of High Tatras and let our mountain guides lead your way. You just have to choose one and our guides will help you conquer it while finding the most optimal route. The most popular peaks: Gerlachovsk\u00fd, Lomnick\u00fd, \u013dadov\u00fd[\/vc_column_text][\/vc_column][vc_column width=&#8221;5\/12&#8243;][vc_column_text] [\/vc_column_text][\/vc_column][\/vc_row][vc_row el_class=&#8221;wrap&#8221;][vc_column][vc_column_text el_class=&#8221;cennik cennik-pc&#8221;] Pricelist group 1\u00a0person 2 [&hellip;]\" \/>\n<meta property=\"og:url\" content=\"https:\/\/www.rockandsnow.sk\/en\/peaks-of-high-tatras\/\" \/>\n<meta property=\"og:site_name\" content=\"Rock &amp; Snow\" \/>\n<meta property=\"article:modified_time\" content=\"2023-07-30T15:39:16+00:00\" \/>\n<meta property=\"og:image\" content=\"https:\/\/www.rockandsnow.sk\/wp-content\/uploads\/2016\/12\/rockandsnow-stity_01-400x250.jpg\" \/>\n<meta name=\"twitter:card\" content=\"summary\" \/>\n<meta name=\"twitter:label1\" content=\"Est. reading time\" \/>\n\t<meta name=\"twitter:data1\" content=\"1 minute\" \/>\n<script type=\"application\/ld+json\" class=\"yoast-schema-graph\">{\"@context\":\"https:\/\/schema.org\",\"@graph\":[{\"@type\":\"WebSite\",\"@id\":\"https:\/\/www.rockandsnow.sk\/#website\",\"url\":\"https:\/\/www.rockandsnow.sk\/\",\"name\":\"Rock &amp; Snow\",\"description\":\"\",\"potentialAction\":[{\"@type\":\"SearchAction\",\"target\":{\"@type\":\"EntryPoint\",\"urlTemplate\":\"https:\/\/www.rockandsnow.sk\/?s={search_term_string}\"},\"query-input\":\"required name=search_term_string\"}],\"inLanguage\":\"en-US\"},{\"@type\":\"WebPage\",\"@id\":\"https:\/\/www.rockandsnow.sk\/en\/peaks-of-high-tatras\/#webpage\",\"url\":\"https:\/\/www.rockandsnow.sk\/en\/peaks-of-high-tatras\/\",\"name\":\"Peaks of High Tatras - Rock &amp; Snow\",\"isPartOf\":{\"@id\":\"https:\/\/www.rockandsnow.sk\/#website\"},\"datePublished\":\"2017-01-26T16:49:51+00:00\",\"dateModified\":\"2023-07-30T15:39:16+00:00\",\"breadcrumb\":{\"@id\":\"https:\/\/www.rockandsnow.sk\/en\/peaks-of-high-tatras\/#breadcrumb\"},\"inLanguage\":\"en-US\",\"potentialAction\":[{\"@type\":\"ReadAction\",\"target\":[\"https:\/\/www.rockandsnow.sk\/en\/peaks-of-high-tatras\/\"]}]},{\"@type\":\"BreadcrumbList\",\"@id\":\"https:\/\/www.rockandsnow.sk\/en\/peaks-of-high-tatras\/#breadcrumb\",\"itemListElement\":[{\"@type\":\"ListItem\",\"position\":1,\"name\":\"Domovsk\u00e1 str\u00e1nka\",\"item\":\"https:\/\/www.rockandsnow.sk\/en\/\"},{\"@type\":\"ListItem\",\"position\":2,\"name\":\"Peaks of High Tatras\"}]}]}<\/script>\n<!-- \/ Yoast SEO plugin. -->","yoast_head_json":{"robots":{"index":"index","follow":"follow","max-snippet":"max-snippet:-1","max-image-preview":"max-image-preview:large","max-video-preview":"max-video-preview:-1"},"canonical":"https:\/\/www.rockandsnow.sk\/en\/peaks-of-high-tatras\/","og_locale":"en_US","og_type":"article","og_title":"Peaks of High Tatras - Rock &amp; Snow","og_description":"[vc_row el_class=&#8221;wrap&#8221;][vc_column width=&#8221;7\/12&#8243;][vc_column_text el_class=&#8221;popis&#8221;]Ascend one of the peaks of High Tatras and let our mountain guides lead your way. You just have to choose one and our guides will help you conquer it while finding the most optimal route. The most popular peaks: Gerlachovsk\u00fd, Lomnick\u00fd, \u013dadov\u00fd[\/vc_column_text][\/vc_column][vc_column width=&#8221;5\/12&#8243;][vc_column_text] [\/vc_column_text][\/vc_column][\/vc_row][vc_row el_class=&#8221;wrap&#8221;][vc_column][vc_column_text el_class=&#8221;cennik cennik-pc&#8221;] Pricelist group 1\u00a0person 2 [&hellip;]","og_url":"https:\/\/www.rockandsnow.sk\/en\/peaks-of-high-tatras\/","og_site_name":"Rock &amp; Snow","article_modified_time":"2023-07-30T15:39:16+00:00","og_image":[{"url":"https:\/\/www.rockandsnow.sk\/wp-content\/uploads\/2016\/12\/rockandsnow-stity_01-400x250.jpg"}],"twitter_card":"summary","twitter_misc":{"Est. reading time":"1 minute"},"schema":{"@context":"https:\/\/schema.org","@graph":[{"@type":"WebSite","@id":"https:\/\/www.rockandsnow.sk\/#website","url":"https:\/\/www.rockandsnow.sk\/","name":"Rock &amp; Snow","description":"","potentialAction":[{"@type":"SearchAction","target":{"@type":"EntryPoint","urlTemplate":"https:\/\/www.rockandsnow.sk\/?s={search_term_string}"},"query-input":"required name=search_term_string"}],"inLanguage":"en-US"},{"@type":"WebPage","@id":"https:\/\/www.rockandsnow.sk\/en\/peaks-of-high-tatras\/#webpage","url":"https:\/\/www.rockandsnow.sk\/en\/peaks-of-high-tatras\/","name":"Peaks of High Tatras - Rock &amp; Snow","isPartOf":{"@id":"https:\/\/www.rockandsnow.sk\/#website"},"datePublished":"2017-01-26T16:49:51+00:00","dateModified":"2023-07-30T15:39:16+00:00","breadcrumb":{"@id":"https:\/\/www.rockandsnow.sk\/en\/peaks-of-high-tatras\/#breadcrumb"},"inLanguage":"en-US","potentialAction":[{"@type":"ReadAction","target":["https:\/\/www.rockandsnow.sk\/en\/peaks-of-high-tatras\/"]}]},{"@type":"BreadcrumbList","@id":"https:\/\/www.rockandsnow.sk\/en\/peaks-of-high-tatras\/#breadcrumb","itemListElement":[{"@type":"ListItem","position":1,"name":"Domovsk\u00e1 str\u00e1nka","item":"https:\/\/www.rockandsnow.sk\/en\/"},{"@type":"ListItem","position":2,"name":"Peaks of High Tatras"}]}]}},"_links":{"self":[{"href":"https:\/\/www.rockandsnow.sk\/en\/wp-json\/wp\/v2\/pages\/248"}],"collection":[{"href":"https:\/\/www.rockandsnow.sk\/en\/wp-json\/wp\/v2\/pages"}],"about":[{"href":"https:\/\/www.rockandsnow.sk\/en\/wp-json\/wp\/v2\/types\/page"}],"author":[{"embeddable":true,"href":"https:\/\/www.rockandsnow.sk\/en\/wp-json\/wp\/v2\/users\/1"}],"replies":[{"embeddable":true,"href":"https:\/\/www.rockandsnow.sk\/en\/wp-json\/wp\/v2\/comments?post=248"}],"version-history":[{"count":7,"href":"https:\/\/www.rockandsnow.sk\/en\/wp-json\/wp\/v2\/pages\/248\/revisions"}],"predecessor-version":[{"id":345,"href":"https:\/\/www.rockandsnow.sk\/en\/wp-json\/wp\/v2\/pages\/248\/revisions\/345"}],"wp:attachment":[{"href":"https:\/\/www.rockandsnow.sk\/en\/wp-json\/wp\/v2\/media?parent=248"}],"curies":[{"name":"wp","href":"https:\/\/api.w.org\/{rel}","templated":true}]}}